{"id":259,"date":"2023-07-31T19:27:52","date_gmt":"2023-07-31T19:27:52","guid":{"rendered":"https:\/\/startel.co.ao\/?page_id=259"},"modified":"2023-08-21T14:01:54","modified_gmt":"2023-08-21T14:01:54","slug":"inicio","status":"publish","type":"page","link":"https:\/\/startel.co.ao\/en\/","title":{"rendered":"Home"},"content":{"rendered":"<section class=\"wpb-content-wrapper\">[vc_row enable_shape_divider=&#8221;true&#8221; shape_divider_color=&#8221;#1e73be&#8221; enable_bot_shape_divider=&#8221;true&#8221; bot_shape_divider_color=&#8221;#1e73be&#8221; shape_type=&#8221;&#8221; bot_shape_type=&#8221;fan2&#8243;][vc_column css_animation=&#8221;fadeInDown&#8221;][rev_slider_vc alias=&#8221;home-page-classic&#8221;][\/vc_column][\/vc_row][vc_row css=&#8221;.vc_custom_1691352808034{padding-top: 10% !important;padding-bottom: 10% !important;background-image: url(http:\/\/startel.co.ao\/wp-content\/uploads\/2023\/08\/PORTAL2.jpg?id=82) !important;}&#8221;][vc_column css_animation=&#8221;fadeInUp&#8221; width=&#8221;1\/3&#8243;][vc_custom_heading text=&#8221;&#8221; font_container=&#8221;tag:h1|font_size:50|text_align:left|color:%23262626|line_height:55px&#8221; use_theme_fonts=&#8221;yes&#8221; el_class=&#8221;font_weight_700&#8243;][\/vc_column][vc_column css_animation=&#8221;fadeInDown&#8221; width=&#8221;1\/3&#8243;][vc_column_text css_animation=&#8221;fadeInRightBig&#8221; font_color=&#8221;#ffffff&#8221; line_height=&#8221;25px&#8221; font_size=&#8221;17px&#8221;]Startel is a fixed telecommunications operator in Angola, fully licensed by INACOM \u2013 Instituto Angolano das Comunica\u00e7\u00f5es. Our solutions include high-speed data services, Netbu\u00e9 Internet access, Falabu\u00e9 Voice Services, VPN services \u2013 Virtual Private Network and VSAT solutions. Quick installation of voice and data services[\/vc_column_text][\/vc_column][vc_column css_animation=&#8221;fadeInUp&#8221; width=&#8221;1\/3&#8243;][vc_column_text css_animation=&#8221;fadeInRightBig&#8221; font_color=&#8221;#ffffff&#8221; font_size=&#8221;17px&#8221; line_height=&#8221;25px&#8221;]it&#8217;s really just the beginning of the world of Startel. Our reliable telephone and Internet services will help you maximize your office productivity. We work with you to develop connectivity, security, reliability in telephony and Internet access to provide a unique solution that meets the specific needs of your business.[\/vc_column_text][\/vc_column][\/vc_row][vc_row enable_shape_divider=&#8221;true&#8221; shape_type=&#8221;tilt&#8221; css=&#8221;.vc_custom_1691354109163{background-color: #1e73be !important;}&#8221;][vc_column css_animation=&#8221;slideInUp&#8221;][vc_separator style=&#8221;solid&#8221; padding_bottom=&#8221;80&#8243;][vc_custom_heading text=&#8221;services&#8221; font_container=&#8221;tag:h1|font_size:50|text_align:center|color:%23262626|line_height:40px&#8221; use_theme_fonts=&#8221;yes&#8221; el_class=&#8221;font_weight_700&#8243;][vc_column_text font_color=&#8221;#ffffff&#8221; font_size=&#8221;18px&#8221;]\n<h5 style=\"text-align: center;\">Our solutions include high-speed data services<\/h5>\n[\/vc_column_text][\/vc_column][\/vc_row][vc_row enable_shape_divider=&#8221;true&#8221; shape_divider_color=&#8221;#1e73be&#8221; enable_bot_shape_divider=&#8221;true&#8221; bot_shape_divider_color=&#8221;#1e73be&#8221; css=&#8221;.vc_custom_1691354202848{padding-top: 5% !important;padding-bottom: 10% !important;background-image: url(http:\/\/startel.co.ao\/wp-content\/uploads\/2023\/08\/PORTAL.jpg?id=80) !important;background-position: center !important;background-repeat: no-repeat !important;background-size: cover !important;}&#8221; shape_type=&#8221;tilt&#8221; bot_shape_type=&#8221;tilt&#8221;][vc_column css_animation=&#8221;fadeInLeft&#8221; width=&#8221;1\/4&#8243; css=&#8221;.vc_custom_1510867788499{background-position: center !important;background-repeat: no-repeat !important;background-size: cover !important;border-radius: 30px !important;}&#8221;]<div class=\"gym_class_wrap relative top-0 box-border mb-5 p-5 shadow-none hover:shadow-2xl flex justify-center items-center overflow-hidden transition-all duration-300 ease-in-out mt-0 gym_count_1 hover:-mt-5\" data-show-description=\"no\"><style type=\"text\/css\" scoped=\"scoped\">.gym_class_wrap.gym_count_1{background-image:url(https:\/\/startel.co.ao\/wp-content\/uploads\/2023\/08\/falabwe1.jpg);background-size:cover;background-position: center center;border-radius:30px;-webkit-border-radius:30px;min-height:340px;}.gym_class_wrap.gym_count_1 .gym-mask{background-color: rgba(29,28,36,0.7);border-radius:30px;-webkit-border-radius:30px;}.gym_class_wrap.gym_count_1:hover .gym-mask{background-color: rgba(29,28,36,0.9);}.gym_class_wrap.gym_count_1 .gym_class_title > * {font-size: 35px;font-weight: 700;color: #ffffff;}.gym_class_wrap.gym_count_1 .gym_class_description {font-size: 13px;font-weight: 300;color: #ffffff;}.gym_class_wrap.gym_count_1 .gym_class_separator {background-color: #ffffff;}.gym_class_wrap.gym_count_1 .gym_class_link a {font-size: 11px;font-weight: 700;color: #ffffff;}.gym_class_wrap.gym_count_1:hover .gym_class_link a {color: #d03672;}<\/style><div class=\"gym-mask absolute block w-full h-full block left-0 top-0 transition-colors duration-300 ease-in-out\"><\/div><div class=\"gym_class_content w-full text-center z-10\"><div class=\"gym_class_title\"><h1 class=\"mb-0 text-base font-normal mb-3\">Voz fala, bwe<\/h1><\/div><div class=\"gym_class_description block md:hidden m-0\">Unified Communication Systems: telephone service at a fixed location;<\/div><div class=\"gym_class_separator block w-10 h-1 block my-5 mx-auto background-gray-600\"><\/div><div class=\"gym_class_link font-bold text-sm\"><a href=\"https:\/\/startel.co.ao\/voz-fala-bwe\/\" target=\"_self\" class=\"block\">DISCOVER<\/a><\/div><\/div><\/div>[\/vc_column][vc_column css_animation=&#8221;fadeInUp&#8221; width=&#8221;1\/4&#8243;]<div class=\"gym_class_wrap relative top-0 box-border mb-5 p-5 shadow-none hover:shadow-2xl flex justify-center items-center overflow-hidden transition-all duration-300 ease-in-out mt-0 gym_count_2 hover:-mt-5\" data-show-description=\"no\"><style type=\"text\/css\" scoped=\"scoped\">.gym_class_wrap.gym_count_2{background-image:url(https:\/\/startel.co.ao\/wp-content\/uploads\/2023\/08\/NETBUE.jpg);background-size:cover;background-position: center center;border-radius:30px;-webkit-border-radius:30px;min-height:340px;}.gym_class_wrap.gym_count_2 .gym-mask{background-color: rgba(29,28,36,0.7);border-radius:30px;-webkit-border-radius:30px;}.gym_class_wrap.gym_count_2:hover .gym-mask{background-color: rgba(29,28,36,0.9);}.gym_class_wrap.gym_count_2 .gym_class_title > * {font-size: 35px;font-weight: 700;color: #ffffff;}.gym_class_wrap.gym_count_2 .gym_class_description {font-size: 13px;font-weight: 300;color: #ffffff;}.gym_class_wrap.gym_count_2 .gym_class_separator {background-color: #ffffff;}.gym_class_wrap.gym_count_2 .gym_class_link a {font-size: 11px;font-weight: 700;color: #ffffff;}.gym_class_wrap.gym_count_2:hover .gym_class_link a {color: #d03672;}<\/style><div class=\"gym-mask absolute block w-full h-full block left-0 top-0 transition-colors duration-300 ease-in-out\"><\/div><div class=\"gym_class_content w-full text-center z-10\"><div class=\"gym_class_title\"><h1 class=\"mb-0 text-base font-normal mb-3\">Internet Netbu\u00e9<\/h1><\/div><div class=\"gym_class_description block md:hidden m-0\">Asymmetric or symmetric fiber optic wireless broadband service, allowing unlimited internet browsing<\/div><div class=\"gym_class_separator block w-10 h-1 block my-5 mx-auto background-gray-600\"><\/div><div class=\"gym_class_link font-bold text-sm\"><a href=\"https:\/\/startel.co.ao\/netbue\/\" target=\"_self\" class=\"block\">DISCOVER<\/a><\/div><\/div><\/div>[\/vc_column][vc_column css_animation=&#8221;fadeInDown&#8221; width=&#8221;1\/4&#8243;]<div class=\"gym_class_wrap relative top-0 box-border mb-5 p-5 shadow-none hover:shadow-2xl flex justify-center items-center overflow-hidden transition-all duration-300 ease-in-out mt-0 gym_count_3 hover:-mt-5\" data-show-description=\"no\"><style type=\"text\/css\" scoped=\"scoped\">.gym_class_wrap.gym_count_3{background-image:url(https:\/\/startel.co.ao\/wp-content\/uploads\/2023\/07\/Pic-1.jpeg);background-size:cover;background-position: center center;border-radius:30px;-webkit-border-radius:30px;min-height:340px;}.gym_class_wrap.gym_count_3 .gym-mask{background-color: rgba(29,28,36,0.7);border-radius:30px;-webkit-border-radius:30px;}.gym_class_wrap.gym_count_3:hover .gym-mask{background-color: rgba(29,28,36,0.9);}.gym_class_wrap.gym_count_3 .gym_class_title > * {font-size: 25px;font-weight: 700;color: #ffffff;}.gym_class_wrap.gym_count_3 .gym_class_description {font-size: 13px;font-weight: 300;color: #ffffff;}.gym_class_wrap.gym_count_3 .gym_class_separator {background-color: #ffffff;}.gym_class_wrap.gym_count_3 .gym_class_link a {font-size: 11px;font-weight: 700;color: #ffffff;}.gym_class_wrap.gym_count_3:hover .gym_class_link a {color: #d03672;}<\/style><div class=\"gym-mask absolute block w-full h-full block left-0 top-0 transition-colors duration-300 ease-in-out\"><\/div><div class=\"gym_class_content w-full text-center z-10\"><div class=\"gym_class_title\"><h1 class=\"mb-0 text-base font-normal mb-3\">VPN services and VSAT solutions<\/h1><\/div><div class=\"gym_class_description block md:hidden m-0\">Internet, Voice and Data Services Via satellite through terminals with small antennas (Vsat) installed anywhere in Angola in Band C and KU<\/div><div class=\"gym_class_separator block w-10 h-1 block my-5 mx-auto background-gray-600\"><\/div><div class=\"gym_class_link font-bold text-sm\"><a href=\"https:\/\/startel.co.ao\/servicos-de-vpn-e-solucao-vsat\/\" target=\"_self\" class=\"block\">DISCOVER<\/a><\/div><\/div><\/div>[\/vc_column][vc_column css_animation=&#8221;fadeInRight&#8221; width=&#8221;1\/4&#8243;]<div class=\"gym_class_wrap relative top-0 box-border mb-5 p-5 shadow-none hover:shadow-2xl flex justify-center items-center overflow-hidden transition-all duration-300 ease-in-out mt-0 gym_count_4 hover:-mt-5\" data-show-description=\"no\"><style type=\"text\/css\" scoped=\"scoped\">.gym_class_wrap.gym_count_4{background-image:url(https:\/\/startel.co.ao\/wp-content\/uploads\/2023\/08\/STARDATOS.jpg);background-size:cover;background-position: center center;border-radius:30px;-webkit-border-radius:30px;min-height:340px;}.gym_class_wrap.gym_count_4 .gym-mask{background-color: rgba(29,28,36,0.7);border-radius:30px;-webkit-border-radius:30px;}.gym_class_wrap.gym_count_4:hover .gym-mask{background-color: rgba(29,28,36,0.9);}.gym_class_wrap.gym_count_4 .gym_class_title > * {font-size: 30px;font-weight: 700;color: #ffffff;}.gym_class_wrap.gym_count_4 .gym_class_description {font-size: 13px;font-weight: 300;color: #ffffff;}.gym_class_wrap.gym_count_4 .gym_class_separator {background-color: #ffffff;}.gym_class_wrap.gym_count_4 .gym_class_link a {font-size: 11px;font-weight: 700;color: #ffffff;}.gym_class_wrap.gym_count_4:hover .gym_class_link a {color: #d03672;}<\/style><div class=\"gym-mask absolute block w-full h-full block left-0 top-0 transition-colors duration-300 ease-in-out\"><\/div><div class=\"gym_class_content w-full text-center z-10\"><div class=\"gym_class_title\"><h1 class=\"mb-0 text-base font-normal mb-3\">Other services<\/h1><\/div><div class=\"gym_class_description block md:hidden m-0\">We prioritize offering flexible services to meet your needs<\/div><div class=\"gym_class_separator block w-10 h-1 block my-5 mx-auto background-gray-600\"><\/div><div class=\"gym_class_link font-bold text-sm\"><a href=\"https:\/\/startel.co.ao\/outros-servicos\/\" target=\"_self\" class=\"block\">DISCOVER<\/a><\/div><\/div><\/div>[\/vc_column][\/vc_row][vc_row enable_shape_divider=&#8221;true&#8221; shape_divider_color=&#8221;#1e73be&#8221; shape_divider_height=&#8221;80&#8243; enable_bot_shape_divider=&#8221;true&#8221; bot_shape_divider_color=&#8221;#ffffff&#8221; css=&#8221;.vc_custom_1691354229318{padding-top: 20% !important;padding-bottom: 20% !important;background-image: url(http:\/\/startel.co.ao\/wp-content\/uploads\/2023\/08\/sat.jpg?id=61) !important;}&#8221; shape_type=&#8221;slant-2&#8243; bot_shape_type=&#8221;slant-2&#8243;][vc_column][vc_icon icon_fontawesome=&#8221;fas fa-phone-volume&#8221; background_style=&#8221;rounded-less&#8221; background_color=&#8221;sandy_brown&#8221; align=&#8221;center&#8221;][vc_custom_heading text=&#8221;Startel World Profile&#8221; font_container=&#8221;tag:h2|font_size:35px|text_align:center|color:%23ffffff&#8221; use_theme_fonts=&#8221;yes&#8221;][vc_custom_heading text=&#8221;Information technologies and telecommunications services in all sectors, pioneer in cloud computing, corporate clients, multinationals and public sector, in the services of: internet, voice calls, broadband lines, IPTV clients incl. Satellite and fiber optics in Angola&#8221; font_container=&#8221;tag:p|font_size:18px|text_align:center|color:%23ffffff|line_height:24px&#8221; use_theme_fonts=&#8221;yes&#8221;][\/vc_column][\/vc_row][vc_row enable_shape_divider=&#8221;true&#8221; shape_divider_color=&#8221;#dd3333&#8243; enable_bot_shape_divider=&#8221;true&#8221; bot_shape_divider_color=&#8221;#dd3333&#8243; css=&#8221;.vc_custom_1691354367907{padding-top: 10% !important;background-color: #dd9933 !important;}&#8221; shape_type=&#8221;tilt&#8221; bot_shape_type=&#8221;tilt&#8221;][vc_column css_animation=&#8221;flipInX&#8221; width=&#8221;1\/2&#8243;]<style type=\"text\/css\" scoped=\"scoped\">.reading-box.cta_box_1 {background-color: #dd9933 ;}.reading-box.cta_box_1 .cta_inside {padding: 20px}.reading-box.cta_box_1 a {color: #ffffff;background-color: #dd3333 !important;border-color: #dd3333;font-size:13px;line-height:30px;font-weight:600; letter-spacing:normal;border-radius: }.reading-box.cta_box_1 .cta_button{vertical-align: middle;}.reading-box.cta_box_1 h2 {color: #ffffff;font-size: 30px;font-weight: 700;}.reading-box.cta_box_1 .sub-heading {color: #ffffff;font-size: 14px;font-weight: 400;line-height: 22px;}<\/style><section class=\"reading-box p-6 mb-6 transition-colors duration-200 ease-linear bg-white text-white  cta_box_1 \"><div class=\"cta_inside container mx-auto flex flex-col justify-center items-center\"><div class=\"cta_text text-center\"><h2 class=\"mb-4 leading-tight text-xl font-light\">Our call, anytime, anywhere!<\/h2><div class=\"sub-heading mb-4\">We support our clients over the phone and onsite with an expert, personal touch.<br \/>\n- We are not satisfied before our customers are satisfied.<\/div><\/div><div class=\"cta-button flex-none\"><a href=\"https:\/\/startel.co.ao\/apoio-ao-cliente\/\" class=\"button bg-transparent border-white small\" target=\"\">contact<\/a><\/div><\/div><\/section>[\/vc_column][vc_column width=&#8221;1\/2&#8243;][vc_single_image image=&#8221;66&#8243; img_size=&#8221;full&#8221; alignment=&#8221;center&#8221; style=&#8221;vc_box_shadow&#8221; css_animation=&#8221;fadeInLeftBig&#8221;][\/vc_column][\/vc_row][vc_row css=&#8221;.vc_custom_1691354392455{background-color: #dd3333 !important;}&#8221;][vc_column][\/vc_column][\/vc_row][vc_row enable_shape_divider=&#8221;true&#8221; shape_divider_color=&#8221;#dd3333&#8243; enable_bot_shape_divider=&#8221;true&#8221; bot_shape_divider_color=&#8221;#dd9933&#8243; css=&#8221;.vc_custom_1691354648146{padding-top: 5% !important;padding-bottom: 10% !important;background-color: #1e73be !important;}&#8221; shape_type=&#8221;triangle_op&#8221; bot_shape_type=&#8221;triangle_op&#8221;][vc_column][vc_tabs color=&#8221;custom&#8221; tt_font_size=&#8221;15px&#8221; custom_colored_border=&#8221;#dd3333&#8243; style=&#8221;style_2&#8243; tt_alignment=&#8221;center&#8221;][vc_tab icon_img=&#8221;71&#8243; title=&#8221;Startel World Profile&#8221; tab_id=&#8221;73798864-2688-4&#8243;][vc_column_text]<span style=\"color: #ffffff;\">Information technologies and telecommunications services in all sectors, pioneer in cloud computing, corporate clients, multinationals and public sector, in the services of: internet, voice calls, broadband lines, IPTV clients incl. Satellite and fiber optics in Angola.<\/span><\/p>\n<p><span style=\"color: #ffffff;\">Corporate Responsibility: &#8211; Security and Data Privacy: leading role in data privacy and security; data privacy report and internet security report; early warning system against cyber attacks.<\/span><\/p>\n<p><span style=\"color: #ffffff;\">1.2. Guide to Principles: &#8211; Delight our customers; finish tasks; act with respect and integrity.<\/span>[\/vc_column_text][\/vc_tab][vc_tab icon_img=&#8221;73&#8243; title=&#8221;Strategy and Transformation&#8221; tab_id=&#8221;bdd8028a-a42c-1&#8243;][vc_column_text]<span style=\"color: #ffffff;\">&#8211; Our strategy to lead the digital era in Telecommunications: better converged networks + perfect service; Enterprise Productivity: Secure, Software-Defined Networking, IoT, and Digitization; build and scale Telecommunications as a platform: Cloud-based client and network service platforms; integrated network infrastructure.<\/span><\/p>\n<p><span style=\"color: #ffffff;\">2.1. Software-defined secure networking: &#8211; End-to-end cloud-native modular network services; &#8211; Network integration capabilities into customer specific IT\/application landscape.<\/span><\/p>\n<p><span style=\"color: #ffffff;\">2.2. Global connectivity: &#8211; Partner of choice for multinational companies with global connectivity; &#8211; Intelligent provision of global connectivity based on proprietary and third-party infrastructure<\/span><\/p>\n<p><span style=\"color: #ffffff;\">2.3. Safety: &#8211; Safety as an integral part of services, production processes; &#8211; Better network security with zero trust network<\/span>[\/vc_column_text][\/vc_tab][vc_tab icon_img=&#8221;72&#8243; tab_id=&#8221;1675ff06-a449-0&#8243; title=&#8221;Network, Products and Innovation&#8221;][vc_column_text]\n<ul>\n<li><span style=\"color: #ffffff;\">Improved fixed network coverage, bandwidth and stability. (fiber optic connections); High bandwidth and cutting-edge technology; Excellent network coverage<\/span><span style=\"color: #ffffff;\">Network requirements are becoming more complex and we have the solution in: Bandwidth, Network Coverage, User Experience, Devices, Latency<\/span><span style=\"color: #ffffff;\">Products and services for our consumers: We have the best offers of products and services that are innovative, safe and simple such as VSAT, IPTV, VPN, MPLS, Fixed Telephony, VoIP, Broadband Internet, Voice and Data Internet, Data Center, Services Cloud, Leased circuit.<\/span><br \/>\n<span style=\"color: #ffffff;\">Services for our business customers: Security, Consulting, Digital, Cloud Services<\/span><\/p>\n<p><span style=\"color: #ffffff;\">We deploy best-in-class solutions to prepare our customers for the future. We operate in sectors such as: public, transport and logistics, industry, commerce, health, banking and more\u2026<\/span><\/p>\n<p><span style=\"color: #ffffff;\">A Systematic Approach to Security: Managed Cyber Defense; Cloud data security; Network Security; Endpoint security; Industrial Security and IoT; Professional Services<\/span><br \/>\n<span style=\"color: #ffffff;\">We have dedicated long-term partnerships and our customers who trust us:<\/span><\/li>\n<\/ul>\n[\/vc_column_text][\/vc_tab][vc_tab icon_img=&#8221;70&#8243; tab_id=&#8221;5eca7dbe-e6dd-1&#8243; title=&#8221;Our services&#8221;][vc_column_text]<span style=\"color: #ffffff;\">&#8211; Excellent customer service; landline telephone in all areas; customer service on Social Media on feedback platforms such as: Facebook, LinkedIn and WhatsApp; Telecom help.<\/span><\/p>\n<p><span style=\"color: #ffffff;\">&#8211; Our customer service is available everywhere in many different forms, our goal is to provide the best customer service.<\/span><\/p>\n<p><span style=\"color: #ffffff;\">&#8211; We support our clients over the phone and on site with an expert, personal touch.<\/span><\/p>\n<p><span style=\"color: #ffffff;\">&#8211; We are not satisfied before our customers are satisfied.<\/span><\/p>\n<p><span style=\"color: #ffffff;\">4.1. New services for our customers and our range of customer service options<\/span><\/p>\n<p><span style=\"color: #ffffff;\">&#8211; Startel Tecnician: We inform the customer when the service technician will be on site; The customer can postpone appointments using the online service.<\/span><\/p>\n<p><span style=\"color: #ffffff;\">&#8211; Fast, easy and intuitive channel to contact Startel via WhatsApp<\/span>[\/vc_column_text][\/vc_tab][\/vc_tabs][\/vc_column][\/vc_row][vc_row eq_height=&#8221;yes&#8221; content_placement=&#8221;middle&#8221; enable_shape_divider=&#8221;true&#8221; shape_divider_color=&#8221;#dd9933&#8243; enable_bot_shape_divider=&#8221;true&#8221; bot_shape_divider_color=&#8221;#000000&#8243; css=&#8221;.vc_custom_1691354818136{margin-bottom: 5% !important;background-color: #e8e5d5 !important;}&#8221; el_class=&#8221;enable_overflow&#8221; shape_type=&#8221;triangle_op&#8221; bot_shape_type=&#8221;mountains&#8221;][vc_column css_animation=&#8221;slideInLeft&#8221; width=&#8221;1\/2&#8243; css=&#8221;.vc_custom_1510867871273{padding-top: 10% !important;padding-bottom: 5% !important;}&#8221;][vc_custom_heading text=&#8221;Join Online&#8221; font_container=&#8221;tag:h2|font_size:38|text_align:left|color:%23262626|line_height:45px&#8221; use_theme_fonts=&#8221;yes&#8221; el_class=&#8221;font_weight_700&#8243;][vc_column_text css=&#8221;.vc_custom_1692115870534{padding-bottom: 40px !important;}&#8221;]\n<h2>You have questions, we have answers.<\/h2>\n[\/vc_column_text][\/vc_column][vc_column css_animation=&#8221;slideInUp&#8221; width=&#8221;1\/2&#8243;][vc_single_image image=&#8221;78&#8243; img_size=&#8221;full&#8221; alignment=&#8221;center&#8221; css=&#8221;.vc_custom_1691351714952{margin-top: -70px !important;}&#8221;][\/vc_column][\/vc_row]\n<\/section>","protected":false},"excerpt":{"rendered":"<p>[vc_row enable_shape_divider=&#8221;true&#8221; shape_divider_color=&#8221;#1e73be&#8221; enable_bot_shape_divider=&#8221;true&#8221; bot_shape_divider_color=&#8221;#1e73be&#8221; shape_type=&#8221;&#8221; bot_shape_type=&#8221;fan2&#8243;][vc_column css_animation=&#8221;fadeInDown&#8221;][rev_slider_vc alias=&#8221;home-page-classic&#8221;][\/vc_column][\/vc_row][vc_row css=&#8221;.vc_custom_1691352808034{padding-top: 10% !important;padding-bottom: 10% !important;background-image: url(http:\/\/startel.co.ao\/wp-content\/uploads\/2023\/08\/PORTAL2.jpg?id=82) !important;}&#8221;][vc_column css_animation=&#8221;fadeInUp&#8221; width=&#8221;1\/3&#8243;][vc_custom_heading text=&#8221;&#8221; font_container=&#8221;tag:h1|font_size:50|text_align:left|color:%23262626|line_height:55px&#8221; use_theme_fonts=&#8221;yes&#8221; el_class=&#8221;font_weight_700&#8243;][\/vc_column][vc_column css_animation=&#8221;fadeInDown&#8221; width=&#8221;1\/3&#8243;][vc_column_text css_animation=&#8221;fadeInRightBig&#8221; font_color=&#8221;#ffffff&#8221; line_height=&#8221;25px&#8221; font_size=&#8221;17px&#8221;]Startel is a fixed telecommunications operator in Angola, fully licensed by INACOM \u2013 Instituto Angolano das Comunica\u00e7\u00f5es. Our solutions include high-speed data services, Netbu\u00e9 Internet access, Falabu\u00e9 Voice&#8230;<\/p>\n","protected":false},"author":1,"featured_media":0,"parent":0,"menu_order":0,"comment_status":"closed","ping_status":"closed","template":"page-full.php","meta":{"footnotes":""},"class_list":["post-259","page","type-page","status-publish","hentry"],"_links":{"self":[{"href":"https:\/\/startel.co.ao\/en\/wp-json\/wp\/v2\/pages\/259","targetHints":{"allow":["GET"]}}],"collection":[{"href":"https:\/\/startel.co.ao\/en\/wp-json\/wp\/v2\/pages"}],"about":[{"href":"https:\/\/startel.co.ao\/en\/wp-json\/wp\/v2\/types\/page"}],"author":[{"embeddable":true,"href":"https:\/\/startel.co.ao\/en\/wp-json\/wp\/v2\/users\/1"}],"replies":[{"embeddable":true,"href":"https:\/\/startel.co.ao\/en\/wp-json\/wp\/v2\/comments?post=259"}],"version-history":[{"count":7,"href":"https:\/\/startel.co.ao\/en\/wp-json\/wp\/v2\/pages\/259\/revisions"}],"predecessor-version":[{"id":330,"href":"https:\/\/startel.co.ao\/en\/wp-json\/wp\/v2\/pages\/259\/revisions\/330"}],"wp:attachment":[{"href":"https:\/\/startel.co.ao\/en\/wp-json\/wp\/v2\/media?parent=259"}],"curies":[{"name":"wp","href":"https:\/\/api.w.org\/{rel}","templated":true}]}}