{"id":283,"date":"2023-08-12T17:52:38","date_gmt":"2023-08-12T17:52:38","guid":{"rendered":"https:\/\/startel.co.ao\/?page_id=283"},"modified":"2023-08-21T14:14:15","modified_gmt":"2023-08-21T14:14:15","slug":"sobre-nos","status":"publish","type":"page","link":"https:\/\/startel.co.ao\/en\/sobre-nos\/","title":{"rendered":"About Us"},"content":{"rendered":"<section class=\"wpb-content-wrapper\">[vc_row parallax=&#8221;yes&#8221; css=&#8221;.vc_custom_1692354409966{padding-top: 300px !important;padding-bottom: 200px !important;background-image: url(https:\/\/startel.co.ao\/wp-content\/uploads\/2023\/08\/et3.jpg?id=287) !important;}&#8221;][vc_column css=&#8221;.vc_custom_1426636836200{padding: 0px !important;}&#8221;][vc_custom_heading text=&#8221;ABOUT STARTEL&#8221; font_container=&#8221;tag:h2|font_size:50|text_align:center|color:%23ffffff|line_height:1.5&#8243; google_fonts=&#8221;font_family:Raleway%3A100%2C200%2C300%2Cregular%2C500%2C600%2C700%2C800%2C900|font_style:700%20bold%20regular%3A700%3Anormal&#8221;][vc_custom_heading text=&#8221;Startel is a fixed telecommunications operator in Angola, fully licensed by INACOM \u2013 Instituto Angolano das Comunica\u00e7\u00f5es.&#8221; font_container=&#8221;tag:h2|font_size:18|text_align:center|color:%23ffffff|line_height:1.5&#8243; google_fonts=&#8221;font_family:Raleway%3A100%2C200%2C300%2Cregular%2C500%2C600%2C700%2C800%2C900|font_style:400%20regular%3A400%3Anormal&#8221;][vc_separator style=&#8221;blank&#8221; padding_top=&#8221;5&#8243; padding_bottom=&#8221;5&#8243;][vc_button2 title=&#8221;Contact&#8221; align=&#8221;center&#8221; style=&#8221;square_outlined&#8221; color=&#8221;white&#8221;][\/vc_column][\/vc_row][vc_row css=&#8221;.vc_custom_1426637442987{padding-top: 40px !important;padding-bottom: 40px !important;background-color: #f8f8f8 !important;}&#8221;][vc_column]<div class=\"clients_carousel reviews gallery_default \" data-0=\"1\" data-480=\"2\" data-768=\"3\" data-992=\"6\" data-speed=\"400\" data-items-margin=\"yes\" data-visible-items=\"6\" data-autoplay=\"true\" data-timeout=\"2000\" data-navigation=\"no\"><div><a class=\"magnific_popup_gallery\" href=\"\"><\/a><\/div><div><a class=\"magnific_popup_gallery\" href=\"\"><\/a><\/div><div><a class=\"magnific_popup_gallery\" href=\"\"><\/a><\/div><div><a class=\"magnific_popup_gallery\" href=\"\"><\/a><\/div><div><a class=\"magnific_popup_gallery\" href=\"\"><\/a><\/div><div><a class=\"magnific_popup_gallery\" href=\"\"><\/a><\/div><div><a class=\"magnific_popup_gallery\" href=\"\"><\/a><\/div><div><a class=\"magnific_popup_gallery\" href=\"\"><\/a><\/div><div><a class=\"magnific_popup_gallery\" href=\"\"><\/a><\/div><\/div>[\/vc_column][\/vc_row][vc_row eq_height=&#8221;yes&#8221; content_placement=&#8221;middle&#8221; css=&#8221;.vc_custom_1520516529001{padding-top: 80px !important;padding-bottom: 80px !important;}&#8221;][vc_column width=&#8221;1\/2&#8243;][vc_single_image image=&#8221;289&#8243; img_size=&#8221;full&#8221;][\/vc_column][vc_column width=&#8221;1\/2&#8243; css=&#8221;.vc_custom_1426637664908{padding-right: 40px !important;padding-left: 40px !important;}&#8221;][vc_separator style=&#8221;blank&#8221; padding_top=&#8221;15&#8243; padding_bottom=&#8221;15&#8243;][vc_custom_heading text=&#8221;WELCOME TO STARTEL&#8221; font_container=&#8221;tag:h2|font_size:30|text_align:left|color:%233f3f3f&#8221; google_fonts=&#8221;font_family:Raleway%3A100%2C200%2C300%2Cregular%2C500%2C600%2C700%2C800%2C900|font_style:500%20bold%20regular%3A500%3Anormal&#8221;][vc_separator style=&#8221;blank&#8221; padding_top=&#8221;5&#8243; padding_bottom=&#8221;5&#8243;][vc_custom_heading text=&#8221;Presentation in the Angolan market.&#8221; font_container=&#8221;tag:h2|font_size:20|text_align:left|color:%233f3f3f&#8221; google_fonts=&#8221;font_family:Raleway%3A100%2C200%2C300%2Cregular%2C500%2C600%2C700%2C800%2C900|font_style:500%20bold%20regular%3A500%3Anormal&#8221;]<div class=\"separator-wrap-1\"><style type=\"text\/css\" scoped=\"scoped\">.separator-wrap-1 .separator-el {padding-top: 20px;padding-bottom: 30px;}.separator-wrap-1 .separator-el .line{}.separator-wrap-1 .line, .separator-wrap-1 .separator-el-left, .separator-wrap-1 .separator-el-right {background-color:#444444;}<\/style><div class=\"separator-el relative \"><div class=\"line w-10 h-1 bg-gray-700 ml-0 mr-auto \"><\/div><\/div><\/div>[vc_column_text]Startel is a fixed telecommunications operator in Angola, fully licensed by INACOM \u2013 Instituto Angolano das Comunica\u00e7\u00f5es. Our solutions include high-speed data services, Netbu\u00e9 Internet access, Falabu\u00e9 Voice Services, VPN services \u2013 Virtual Private Network, and VSAT solutions. Quickly installing voice and data services is really just the beginning of the Startel world. Our reliable telephone and Internet services will help you maximize your office productivity. We work with you to develop connectivity, security, reliability in telephony and Internet access, to provide a unique solution that meets the specific needs of your business.[\/vc_column_text][vc_separator style=&#8221;blank&#8221; padding_top=&#8221;15&#8243; padding_bottom=&#8221;15&#8243;][vc_button2 title=&#8221;Contact&#8221; style=&#8221;outlined&#8221; color=&#8221;black&#8221; size=&#8221;sm&#8221; link=&#8221;url:%23|target:_blank&#8221;][\/vc_column][\/vc_row][vc_row parallax=&#8221;yes&#8221; css=&#8221;.vc_custom_1520516693231{padding-top: 120px !important;padding-bottom: 120px !important;background-color: #262626 !important;background-position: 0 0;background-repeat:epeat;}&#8221;][vc_column width=&#8221;1\/4&#8243;]<div class=\"counter transition-colors duration-300 ease-in-out text-center count_el_1  \"  ><style type=\"text\/css\" scoped=\"scoped\">.count_el_1 .count_el {font-size: 30px;color:#ffffff;}.count_el_1 .icon {font-size: 30px;color:#ffffff;margin-bottom:;}.count_el_1 .content_el {color:#cecece;font-size: ;font-weight: ;}<\/style><div class=\"icon text-2xl leading-none mb-5\"><i class=\"fas fa-users\"><\/i><\/div><div class=\"count_el font-bold leading-none flex justify-center\"><div>+<\/div><span class=\"block\" data-from=\"0\" data-comma=\"false\" data-to=\"6832\" data-refresh-interval=\"100\" data-speed=\"2000\"><\/span><\/div><div class=\"content_el leading-tight text-gray-700 mt-5\"><strong>SATISFIED CUSTOMERS<\/strong><\/div><\/div>[\/vc_column][vc_column width=&#8221;1\/4&#8243;]<div class=\"counter transition-colors duration-300 ease-in-out text-center count_el_2  \"  ><style type=\"text\/css\" scoped=\"scoped\">.count_el_2 .count_el {font-size: 30px;color:#ffffff;}.count_el_2 .icon {font-size: 30px;color:#ffffff;margin-bottom:;}.count_el_2 .content_el {color:#dddddd;font-size: ;font-weight: ;}<\/style><div class=\"icon text-2xl leading-none mb-5\"><i class=\"fas fa-coffee\"><\/i><\/div><div class=\"count_el font-bold leading-none flex justify-center\"><span class=\"block\" data-from=\"0\" data-comma=\"false\" data-to=\"4955\" data-refresh-interval=\"100\" data-speed=\"2000\"><\/span><div>+<\/div><\/div><div class=\"content_el leading-tight text-gray-700 mt-5\"><strong>CUPS OF COFFEE<\/strong><\/div><\/div>[\/vc_column][vc_column width=&#8221;1\/4&#8243;]<div class=\"counter transition-colors duration-300 ease-in-out text-center count_el_3  \"  ><style type=\"text\/css\" scoped=\"scoped\">.count_el_3 .count_el {font-size: 30px;color:#ffffff;}.count_el_3 .icon {font-size: 30px;color:#ffffff;margin-bottom:;}.count_el_3 .content_el {color:#dddddd;font-size: ;font-weight: ;}<\/style><div class=\"icon text-2xl leading-none mb-5\"><i class=\"far fa-clock\"><\/i><\/div><div class=\"count_el font-bold leading-none flex justify-center\"><span class=\"block\" data-from=\"0\" data-comma=\"false\" data-to=\"3452\" data-refresh-interval=\"100\" data-speed=\"2000\"><\/span><div>+<\/div><\/div><div class=\"content_el leading-tight text-gray-700 mt-5\"><strong>COMPLETED SERVICES<\/strong><\/div><\/div>[\/vc_column][vc_column width=&#8221;1\/4&#8243;]<div class=\"counter transition-colors duration-300 ease-in-out text-center count_el_4  \"  ><style type=\"text\/css\" scoped=\"scoped\">.count_el_4 .count_el {font-size: 30px;color:#ffffff;}.count_el_4 .icon {font-size: 30px;color:#ffffff;margin-bottom:;}.count_el_4 .content_el {color:#dbdbdb;font-size: ;font-weight: ;}<\/style><div class=\"icon text-2xl leading-none mb-5\"><i class=\"far fa-envelope\"><\/i><\/div><div class=\"count_el font-bold leading-none flex justify-center\"><span class=\"block\" data-from=\"0\" data-comma=\"false\" data-to=\"2750\" data-refresh-interval=\"100\" data-speed=\"2000\"><\/span><div>+<\/div><\/div><div class=\"content_el leading-tight text-gray-700 mt-5\"><strong>EMAIL SENT<\/strong><\/div><\/div>[\/vc_column][\/vc_row][vc_row css=&#8221;.vc_custom_1427071387983{padding-top: 80px !important;padding-bottom: 80px !important;}&#8221;][vc_column width=&#8221;1\/2&#8243;][vc_separator style=&#8221;blank&#8221; padding_top=&#8221;10&#8243; padding_bottom=&#8221;10&#8243;][vc_custom_heading text=&#8221;Mission<br \/>\n&#8221; font_container=&#8221;tag:h2|font_size:30|text_align:center|color:%233f3f3f&#8221; google_fonts=&#8221;font_family:Raleway%3A100%2C200%2C300%2Cregular%2C500%2C600%2C700%2C800%2C900|font_style:500%20bold%20regular%3A500%3Anormal&#8221;]<div class=\"separator-wrap-2\"><style type=\"text\/css\" scoped=\"scoped\">.separator-wrap-2 .separator-el {padding-top: 20px;padding-bottom: 30px;}.separator-wrap-2 .separator-el .line{}.separator-wrap-2 .line, .separator-wrap-2 .separator-el-left, .separator-wrap-2 .separator-el-right {background-color:#444444;}<\/style><div class=\"separator-el relative \"><div class=\"line w-10 h-1 bg-gray-700 mx-auto \"><\/div><\/div><\/div>[vc_separator style=&#8221;blank&#8221; padding_top=&#8221;10&#8243; padding_bottom=&#8221;10&#8243;][vc_column_text]\n<h1><\/h1>\n<p>Our mission is to work hard in our communities by providing services relevant to high quality communication technology to enhance lifestyle and economic development in the area we serve. Our aim is to provide efficiency in communication technology consistent with urban areas from the moment we develop rural part.[\/vc_column_text][vc_separator style=&#8221;blank&#8221; padding_top=&#8221;10&#8243; padding_bottom=&#8221;10&#8243;][vc_button2 title=&#8221;CONTACT&#8221; align=&#8221;center&#8221; style=&#8221;outlined&#8221; color=&#8221;black&#8221; size=&#8221;sm&#8221; link=&#8221;url:%23|target:_blank&#8221;][\/vc_column][vc_column width=&#8221;1\/2&#8243;][vc_single_image image=&#8221;8&#8243; img_size=&#8221;full&#8221;][\/vc_column][\/vc_row][vc_row css=&#8221;.vc_custom_1691864372856{padding-top: 10px !important;padding-bottom: 10px !important;}&#8221;][vc_column width=&#8221;1\/2&#8243;][vc_separator style=&#8221;blank&#8221; padding_top=&#8221;10&#8243; padding_bottom=&#8221;10&#8243;][vc_single_image image=&#8221;111&#8243; img_size=&#8221;full&#8221;]<div class=\"separator-wrap-3\"><style type=\"text\/css\" scoped=\"scoped\">.separator-wrap-3 .separator-el {padding-top: 20px;padding-bottom: 30px;}.separator-wrap-3 .separator-el .line{}.separator-wrap-3 .line, .separator-wrap-3 .separator-el-left, .separator-wrap-3 .separator-el-right {background-color:#444444;}<\/style><div class=\"separator-el relative \"><div class=\"line w-10 h-1 bg-gray-700 mx-auto \"><\/div><\/div><\/div>[vc_separator style=&#8221;blank&#8221; padding_top=&#8221;10&#8243; padding_bottom=&#8221;10&#8243;][\/vc_column][vc_column width=&#8221;1\/2&#8243;][vc_custom_heading text=&#8221;Vision&#8221; font_container=&#8221;tag:h2|font_size:30|text_align:center|color:%233f3f3f&#8221; google_fonts=&#8221;font_family:Raleway%3A100%2C200%2C300%2Cregular%2C500%2C600%2C700%2C800%2C900|font_style:500%20bold%20regular%3A500%3Anormal&#8221;][vc_separator style=&#8221;blank&#8221; padding_top=&#8221;10&#8243; padding_bottom=&#8221;10&#8243;][vc_column_text]\n<h1><\/h1>\n<p>Allow the next generations to benefit from our technology, engaging them with anticipation speeds.<\/p>\n[\/vc_column_text][vc_custom_heading text=&#8221;Values&#8221; font_container=&#8221;tag:h2|font_size:30|text_align:center|color:%233f3f3f&#8221; google_fonts=&#8221;font_family:Raleway%3A100%2C200%2C300%2Cregular%2C500%2C600%2C700%2C800%2C900|font_style:500%20bold%20regular%3A500%3Anormal&#8221;][vc_separator style=&#8221;blank&#8221; padding_top=&#8221;10&#8243; padding_bottom=&#8221;10&#8243;][vc_column_text]We care a lot about customer care, the company&#8217;s culture and how cautious our company&#8217;s structure is positioned.<\/p>\n[\/vc_column_text][\/vc_column][\/vc_row]\n<\/section>","protected":false},"excerpt":{"rendered":"<p>[vc_row parallax=&#8221;yes&#8221; css=&#8221;.vc_custom_1692354409966{padding-top: 300px !important;padding-bottom: 200px !important;background-image: url(https:\/\/startel.co.ao\/wp-content\/uploads\/2023\/08\/et3.jpg?id=287) !important;}&#8221;][vc_column css=&#8221;.vc_custom_1426636836200{padding: 0px !important;}&#8221;][vc_custom_heading text=&#8221;ABOUT STARTEL&#8221; font_container=&#8221;tag:h2|font_size:50|text_align:center|color:%23ffffff|line_height:1.5&#8243; google_fonts=&#8221;font_family:Raleway%3A100%2C200%2C300%2Cregular%2C500%2C600%2C700%2C800%2C900|font_style:700%20bold%20regular%3A700%3Anormal&#8221;][vc_custom_heading text=&#8221;Startel is a fixed telecommunications operator in Angola, fully licensed by INACOM \u2013 Instituto Angolano das Comunica\u00e7\u00f5es.&#8221; font_container=&#8221;tag:h2|font_size:18|text_align:center|color:%23ffffff|line_height:1.5&#8243; google_fonts=&#8221;font_family:Raleway%3A100%2C200%2C300%2Cregular%2C500%2C600%2C700%2C800%2C900|font_style:400%20regular%3A400%3Anormal&#8221;][vc_separator style=&#8221;blank&#8221; padding_top=&#8221;5&#8243; padding_bottom=&#8221;5&#8243;][vc_button2 title=&#8221;Contact&#8221; align=&#8221;center&#8221; style=&#8221;square_outlined&#8221; color=&#8221;white&#8221;][\/vc_column][\/vc_row][vc_row css=&#8221;.vc_custom_1426637442987{padding-top: 40px !important;padding-bottom: 40px !important;background-color: #f8f8f8 !important;}&#8221;][vc_column][\/vc_column][\/vc_row][vc_row eq_height=&#8221;yes&#8221; content_placement=&#8221;middle&#8221; css=&#8221;.vc_custom_1520516529001{padding-top: 80px !important;padding-bottom: 80px&#8230;<\/p>\n","protected":false},"author":1,"featured_media":0,"parent":0,"menu_order":0,"comment_status":"closed","ping_status":"closed","template":"page-full.php","meta":{"footnotes":""},"class_list":["post-283","page","type-page","status-publish","hentry"],"_links":{"self":[{"href":"https:\/\/startel.co.ao\/en\/wp-json\/wp\/v2\/pages\/283","targetHints":{"allow":["GET"]}}],"collection":[{"href":"https:\/\/startel.co.ao\/en\/wp-json\/wp\/v2\/pages"}],"about":[{"href":"https:\/\/startel.co.ao\/en\/wp-json\/wp\/v2\/types\/page"}],"author":[{"embeddable":true,"href":"https:\/\/startel.co.ao\/en\/wp-json\/wp\/v2\/users\/1"}],"replies":[{"embeddable":true,"href":"https:\/\/startel.co.ao\/en\/wp-json\/wp\/v2\/comments?post=283"}],"version-history":[{"count":3,"href":"https:\/\/startel.co.ao\/en\/wp-json\/wp\/v2\/pages\/283\/revisions"}],"predecessor-version":[{"id":331,"href":"https:\/\/startel.co.ao\/en\/wp-json\/wp\/v2\/pages\/283\/revisions\/331"}],"wp:attachment":[{"href":"https:\/\/startel.co.ao\/en\/wp-json\/wp\/v2\/media?parent=283"}],"curies":[{"name":"wp","href":"https:\/\/api.w.org\/{rel}","templated":true}]}}