{"id":301,"date":"2023-08-13T12:31:06","date_gmt":"2023-08-13T12:31:06","guid":{"rendered":"https:\/\/startel.co.ao\/?page_id=301"},"modified":"2023-08-18T12:31:23","modified_gmt":"2023-08-18T12:31:23","slug":"netbue","status":"publish","type":"page","link":"https:\/\/startel.co.ao\/en\/netbue\/","title":{"rendered":"Netbu\u00e9"},"content":{"rendered":"<section class=\"wpb-content-wrapper\">[vc_row eq_height=&#8221;yes&#8221; content_placement=&#8221;middle&#8221; css=&#8221;.vc_custom_1692358809262{padding-top: 20% !important;padding-bottom: 15% !important;background: #fafafa url(https:\/\/startel.co.ao\/wp-content\/uploads\/2023\/08\/latencia.png?id=307) !important;background-position: center !important;background-repeat: no-repeat !important;background-size: cover !important;}&#8221;][vc_column][vc_custom_heading text=&#8221;<\/strong>Startel <strong>Internet<\/strong>&#8221; font_container=&#8221;tag:h1|font_size:100px|text_align:center|color:%23ffffff|line_height:1.3&#8243; use_theme_fonts=&#8221;yes&#8221; el_class=&#8221;font_weight_300&#8243; css=&#8221;.vc_custom_1692358663707{padding-bottom: 20px !important;}&#8221;][vc_custom_heading text=&#8221;Internet at full speed and now with Startel&#8221; font_container=&#8221;tag:p|font_size:20px|text_align:center|color:%23d6d6d6&#8243; use_theme_fonts=&#8221;yes&#8221; css=&#8221;.vc_custom_1692358855644{padding-bottom: 20px !important;}&#8221;][vc_button title=&#8221;CONTACT STARTEL&#8221; target=&#8221;_blank&#8221; shape=&#8221;rounded&#8221; color=&#8221;custom&#8221; custom_font_size=&#8221;12px&#8221; custom_font_weight=&#8221;600&#8243; custom_color=&#8221;#4a90e2&#8243; custom_border_color=&#8221;#4a90e2&#8243; custom_color_hover=&#8221;#4565d1&#8243; custom_border_color_hover=&#8221;#4565d1&#8243; href=&#8221;https:\/\/startel.co.ao\/apoio-ao-cliente\/&#8221;][\/vc_column][\/vc_row][vc_row css=&#8221;.vc_custom_1691940647250{border-bottom-width: 1px !important;padding-top: 40px !important;padding-bottom: 40px !important;background-color: #1e73be !important;border-bottom-color: #ededed !important;border-bottom-style: solid !important;}&#8221;][vc_column]<div class=\"jump_links_section \"><style type=\"text\/css\" scoped=\"scoped\">.jump_links_section .jump_links_wrap.jl_1 a, .jump_links_section .jump_links_wrap.jl_1 span {font-size:30px;line-height:;color:#ffffff;margin-right: 40px;font-weight:300;}.jump_links_section .jump_links_wrap.jl_1 a:hover, .jump_links_section .jump_links_wrap.jl_1 span:hover {color:#dd3333; cursor: pointer;}<\/style><div class=\"jump_links_wrap text-center jl_1\"><a href=\"#features\" class=\"inline-block mr-10 last:mr-0 leading-10 font-normal\">Internet at full<strong>speed<\/strong> and now with Startel <\/a><\/div><\/div>[\/vc_column][\/vc_row][vc_row css=&#8221;.vc_custom_1498215381951{padding-top: 10% !important;padding-bottom: 10% !important;}&#8221; section_id=&#8221;features&#8221;][vc_column width=&#8221;1\/2&#8243;]<div class=\"flip-container flip_box_1   \" ><style type=\"text\/css\" scoped=\"scoped\">.flip_box_1 .front:before {content:\"\"; position:absolute; top: 20px; left: 20px; width: calc(100% - 40px); height: calc(100% - 40px); z-index:2;border:1px solid #1e73be;}<\/style><div class=\"flipper\"><div class=\"front\" style=\"background:url(https:\/\/startel.co.ao\/wp-content\/uploads\/2023\/08\/PORTAL.jpg) no-repeat; background-size: cover;color:#1e73be;font-size:14px;border-color:#1e73be;border-width:5px;border-radius:10px;-webkit-border-radius:10px;\"><div class=\"front_inner\"><i class=\"fas fa-wifi\" style=\"font-size:80px;color:#4a90e2;\"><\/i><h2 style= \"font-size: 60px;\">Netbu\u00e9:<\/h2>Asymmetric or symmetric fiber optic wireless broadband service, allowing unlimited internet browsing<\/div><\/div><div class=\"back\" style=\"background-color: #4a90e2;color:#f2f2f2;font-size:17px;border-color:#4a90e2;\"><div class=\"back_inner\"><h3 style= \"color:#ffffff;font-size: 50px;\">Internet<\/h3><\/div><\/div><\/div><\/div>[\/vc_column][vc_column width=&#8221;1\/2&#8243;]<div class=\"flip-container flip_box_2   \" ><style type=\"text\/css\" scoped=\"scoped\">.flip_box_2 .front:before {content:\"\"; position:absolute; top: 20px; left: 20px; width: calc(100% - 40px); height: calc(100% - 40px); z-index:2;border:1px solid #1e73be;}<\/style><div class=\"flipper\"><div class=\"front\" style=\"background:url(https:\/\/startel.co.ao\/wp-content\/uploads\/2023\/08\/PORTAL.jpg) no-repeat; background-size: cover;color:#1e73be;font-size:14px;border-color:#1e73be;border-width:5px;border-radius:10px;-webkit-border-radius:10px;\"><div class=\"front_inner\"><i class=\"fas fa-wifi\" style=\"font-size:80px;color:#4a90e2;\"><\/i><h2 style= \"font-size: 48px;\">Netbu\u00e9 and Fala Bw\u00e9<\/h2>Hiring Netbu\u00e9 and voice Fala Bw\u00e9 we offer our best price, Internet in your home for all your devices<\/div><\/div><div class=\"back\" style=\"background-color: #4a90e2;color:#f2f2f2;font-size:17px;border-color:#4a90e2;\"><div class=\"back_inner\"><h3 style= \"color:#ffffff;font-size: 50px;\">OPTICAL FIBER<\/h3>Fiber for smarth TV with all channels and all football. Get to know all the advantages and utilities of Startel Fiber<\/div><\/div><\/div><\/div>[\/vc_column][\/vc_row][vc_row eq_height=&#8221;yes&#8221; content_placement=&#8221;middle&#8221; css=&#8221;.vc_custom_1691942483377{padding-bottom: 10% !important;background-color: #1e73be !important;}&#8221;][vc_column width=&#8221;1\/2&#8243;][vc_single_image image=&#8221;57&#8243; img_size=&#8221;full&#8221; alignment=&#8221;center&#8221; style=&#8221;vc_box_border&#8221; border_color=&#8221;sky&#8221; css=&#8221;.vc_custom_1691942464261{padding-top: 30px !important;padding-bottom: 30px !important;}&#8221;][\/vc_column][vc_column width=&#8221;1\/2&#8243;][vc_custom_heading text=&#8221;<strong>Startel<\/strong> internet&#8221; font_container=&#8221;tag:h1|font_size:60px|text_align:left|color:%23ffffff|line_height:1.3&#8243; use_theme_fonts=&#8221;yes&#8221; el_class=&#8221;font_weight_300&#8243; css=&#8221;.vc_custom_1691942515562{padding-bottom: 20px !important;}&#8221;][vc_column_text font_size=&#8221;17px&#8221; font_color=&#8221;#ffffff&#8221;]\n<ul>\n<li>We offer the best Internet deals for your home, with our Fiber Optic rates of 500Mb and up to 1Gbps with WiFi-6 router, you can enjoy the best Internet connection for you and your loved ones.<\/li>\n<li>We are leaders in Fiber coverage, with 50 million homes connected in Angola. Our installation guarantees you the best Fiber coverage to the last corner of your home and allows you to use high-speed Fiber nMb and up to Gbps, on all the devices you have at home: smartphones, consoles, computers, smart assistants, etc.<\/li>\n<\/ul>\n[\/vc_column_text][\/vc_column][\/vc_row][vc_row css=&#8221;.vc_custom_1691942651789{padding-bottom: 10% !important;}&#8221;][vc_column][vc_custom_heading text=&#8221;We can help you. Choose when and how!&#8221; font_container=&#8221;tag:h1|text_align:left|color:%23000000&#8243; use_theme_fonts=&#8221;yes&#8221; css_animation=&#8221;fadeInRight&#8221;][vc_row_inner css=&#8221;.vc_custom_1691942785097{background-color: #ffffff !important;}&#8221;][vc_column_inner width=&#8221;1\/3&#8243; css=&#8221;.vc_custom_1691942845856{background-color: #000000 !important;}&#8221;]<div class=\"box-title-wrap ml-0 mr-auto flex items-center justify-between mb-6 el-1  \" ><style type=\"text\/css\" scoped=\"scoped\">.box-title-wrap.el-1 .box-title-content {font-size: 17px;color: #ffffff;background-color:#000000;font-weight:normal;}.box-title-wrap.el-1 .box-title-content a {color: #ffffff;}.box-title-wrap.el-1 .box-title-left-border, .box-title-wrap.el-1 .box-title-right-border {background-color:#000000;}<\/style><div class=\"box-title-left-border hidden flex-1 h-px bg-gray-400\"><\/div><div class=\"box-title-content flex-none max-w-full px-4 pl-0 leading-tight uppercase\">Online chat<\/div><div class=\"box-title-right-border   flex-1 h-px bg-gray-400\"><\/div><\/div>[vc_column_text font_color=&#8221;#ffffff&#8221; font_weight=&#8221;600&#8243; font_size=&#8221;15px&#8221;]Solve all your queries 24\/7 from any device, anywhere.[\/vc_column_text][vc_empty_space][vc_button title=&#8221;Whatsap startel&#8221; target=&#8221;_blank&#8221; shape=&#8221;rounded&#8221; color=&#8221;custom&#8221; custom_text_color=&#8221;#000000&#8243; custom_color=&#8221;#59d600&#8243; custom_border_color=&#8221;#000000&#8243; custom_color_hover=&#8221;#ffffff&#8221; icon_fontawesome=&#8221;fab fa-whatsapp&#8221; align=&#8221;left&#8221; inline_button=&#8221;yes&#8221; add_icon=&#8221;true&#8221; href=&#8221;https:\/\/wa.me\/ 244 227 227 227&#8243;][\/vc_column_inner][vc_column_inner width=&#8221;1\/3&#8243;]<div class=\"box-title-wrap ml-0 mr-auto flex items-center justify-between mb-6 el-2  \" ><style type=\"text\/css\" scoped=\"scoped\">.box-title-wrap.el-2 .box-title-content {font-size: 14px;color: #000000;background-color:#ffffff;font-weight:normal;}.box-title-wrap.el-2 .box-title-content a {color: #000000;}.box-title-wrap.el-2 .box-title-left-border, .box-title-wrap.el-2 .box-title-right-border {background-color:#ffffff;}<\/style><div class=\"box-title-left-border hidden flex-1 h-px bg-gray-400\"><\/div><div class=\"box-title-content flex-none max-w-full px-4 pl-0 leading-tight uppercase\">We call you<\/div><div class=\"box-title-right-border   flex-1 h-px bg-gray-400\"><\/div><\/div>[vc_column_text font_color=&#8221;#000000&#8243; font_size=&#8221;8px&#8221;]\n<div class=\"muu__header\">\n<h4 class=\"muu__title-2\">We call youLeave us your phone number and a consultant will contact you to answer any questions you may have.<\/h4>\n<\/div>\n[\/vc_column_text][vc_button title=&#8221;ENTER&#8221; target=&#8221;_blank&#8221; shape=&#8221;rounded&#8221; color=&#8221;custom&#8221; custom_text_color=&#8221;#000000&#8243; custom_color=&#8221;#ffffff&#8221; custom_border_color=&#8221;#000000&#8243; custom_color_hover=&#8221;#ffffff&#8221; icon_fontawesome=&#8221;fas fa-hand-pointer&#8221; align=&#8221;left&#8221; inline_button=&#8221;yes&#8221; add_icon=&#8221;true&#8221; href=&#8221;https:\/\/wa.me\/ 244 227 227 227&#8243;][\/vc_column_inner][vc_column_inner width=&#8221;1\/3&#8243; css=&#8221;.vc_custom_1691944338998{background-color: #ff8f3a !important;}&#8221;]<div class=\"box-title-wrap ml-0 mr-auto flex items-center justify-between mb-6 el-3  \" ><style type=\"text\/css\" scoped=\"scoped\">.box-title-wrap.el-3 .box-title-content {font-size: 17px;color: #ffffff;background-color:#ff8f3a;font-weight:normal;}.box-title-wrap.el-3 .box-title-content a {color: #ffffff;}.box-title-wrap.el-3 .box-title-left-border, .box-title-wrap.el-3 .box-title-right-border {background-color:#ff8f3a;}<\/style><div class=\"box-title-left-border hidden flex-1 h-px bg-gray-400\"><\/div><div class=\"box-title-content flex-none max-w-full px-4 pl-0 leading-tight uppercase\">Common questions<\/div><div class=\"box-title-right-border   flex-1 h-px bg-gray-400\"><\/div><\/div>[vc_column_text font_color=&#8221;#ffffff&#8221; font_weight=&#8221;600&#8243; font_size=&#8221;15px&#8221;]\n<div class=\"section section--big-padding\">\n<div class=\"container-fluid\">\n<div class=\"row row-gap row-h100-childs\">\n<div class=\"col-12 col-sm-12 col-md-6 col-lg-4\">\n<div class=\"muu bg-primary muu--bg-img\">\n<div class=\"muu__content\">\n<div class=\"muu__body\">\n<div class=\"experience-component experience-commerce_assets-text\">\n<div class=\"muu__text\">\n<p>Anything you need clear up? Enter and clarify all your doubts in our Frequently Asked Questions section!<\/p>\n<\/div>\n<\/div>\n<\/div>\n<\/div>\n<\/div>\n<\/div>\n<\/div>\n<\/div>\n<\/div>\n<div class=\"section section--big-padding\">\n<div class=\"container-fluid\">\n<div class=\"section-title\">\n<div class=\"section-title__text\"><\/div>\n<\/div>\n<\/div>\n<\/div>\n[\/vc_column_text][vc_empty_space][vc_button title=&#8221;ENTER&#8221; target=&#8221;_blank&#8221; shape=&#8221;rounded&#8221; color=&#8221;custom&#8221; custom_text_color=&#8221;#000000&#8243; custom_color=&#8221;#ffffff&#8221; custom_border_color=&#8221;#000000&#8243; custom_color_hover=&#8221;#ffffff&#8221; icon_fontawesome=&#8221;fab fa-whatsapp&#8221; align=&#8221;left&#8221; inline_button=&#8221;yes&#8221; add_icon=&#8221;true&#8221; href=&#8221;https:\/\/wa.me\/ 244 227 227 227&#8243;][\/vc_column_inner][\/vc_row_inner][\/vc_column][\/vc_row][vc_row css=&#8221;.vc_custom_1691944930211{border-top-width: 1px !important;border-bottom-width: 1px !important;background-color: #1e73be !important;border-top-color: #ededed !important;border-top-style: solid !important;border-bottom-color: #ededed !important;border-bottom-style: solid !important;}&#8221;][vc_column width=&#8221;2\/3&#8243;][vc_tabs color=&#8221;custom&#8221; tt_font_size=&#8221;16px&#8221; tt_font_weight=&#8221;400&#8243; tc_font_size=&#8221;14px&#8221; tc_line_heigt=&#8221;26px&#8221; custom_colored_border=&#8221;#000000&#8243; style=&#8221;style_5&#8243;][vc_tab title=&#8221;Promotions&#8221; tab_id=&#8221;c043b05d-7783-10&#8243;][vc_column_text font_color=&#8221;#ffffff&#8221;]Only on the web can you find exclusive offers, both in tariffs and handsets.[\/vc_column_text][\/vc_tab][vc_tab title=&#8221;Free shipping&#8221; tab_id=&#8221;331c1658-7dfd-2&#8243;][vc_column_text font_color=&#8221;#ffffff&#8221;]Choose wherever we take your device and deliver it for free[\/vc_column_text][\/vc_tab][vc_tab title=&#8221;Open 24 hours&#8221; tab_id=&#8221;1498216238106-2-8&#8243;][vc_column_text font_color=&#8221;#ffffff&#8221;]\n<div class=\"muu__header\">\n<h3 class=\"muu__title-3\"><\/h3>\n<\/div>\n<div class=\"muu__body\">\n<div class=\"experience-component experience-commerce_assets-text\">\n<div class=\"muu__text text-muted\">\n<p>24\/7 access from any device, anywhere through Orange.es and the MiOrange app.<\/p>\n<\/div>\n<\/div>\n<\/div>\n[\/vc_column_text][\/vc_tab][vc_tab title=&#8221;Guarantee and security&#8221; tab_id=&#8221;1498216750872-3-2&#8243;][vc_column_text font_color=&#8221;#ffffff&#8221;]\n<div class=\"muu__header\">\n<h3 class=\"muu__title-3\"><\/h3>\n<\/div>\n<div class=\"muu__body\">\n<div class=\"experience-component experience-commerce_assets-text\">\n<div class=\"muu__text text-muted\">\n<p>You will have 14 calendar days to change your mind and if you have any questions we will assist you in a personalized way.<\/p>\n<\/div>\n<\/div>\n<\/div>\n[\/vc_column_text][\/vc_tab][\/vc_tabs][\/vc_column][vc_column width=&#8221;1\/3&#8243; css=&#8221;.vc_custom_1498220124524{padding-top: 30px !important;padding-left: 10% !important;}&#8221;][vc_toggle title=&#8221;How is the startel fiber installation process?&#8221; color=&#8221;white&#8221; custom_icon_color=&#8221;#ffffff&#8221; sep_color=&#8221;#ffffff&#8221; size=&#8221;sm&#8221; custom_font_container=&#8221;tag:h2|font_size:17|text_align:left|color:%23ffffff&#8221; use_custom_heading=&#8221;true&#8221; el_id=&#8221;1498217103734-73a0088b-c772&#8243;]<span style=\"color: #ffffff;\">Uma instala\u00e7\u00e3o r\u00e1pida e personalizada \u00e9 realizada em sua casa.\u00a0Assim que o servi\u00e7o for contratado, nossos t\u00e9cnicos entrar\u00e3o em contato o mais breve poss\u00edvel para a instala\u00e7\u00e3o de Fibra e WIFI em sua casa.\u00a0Voc\u00ea sempre ser\u00e1 informado durante o processo de ativa\u00e7\u00e3o da sua linha Fibra e WIFI\u00a0 em casa.<\/span>[\/vc_toggle][vc_toggle title=&#8221;And if you wanted to hire without installation?&#8221; size=&#8221;sm&#8221; custom_font_container=&#8221;tag:h2|font_size:17|text_align:left|color:%23ffffff&#8221; use_custom_heading=&#8221;true&#8221; el_id=&#8221;1498217332639-c728ed2a-94be&#8221;]<span style=\"color: #ffffff;\">Se voc\u00ea deseja navegar na velocidade m\u00e1xima, mas n\u00e3o possui cobertura de Fibra ou ADSL ou n\u00e3o deseja instala\u00e7\u00e3o, pode escolher 4G em casa com GB ilimitados.<\/span>[\/vc_toggle][vc_toggle title=&#8221;What is the best fiber tax for my home?&#8221; size=&#8221;sm&#8221; custom_font_container=&#8221;tag:h2|font_size:16|text_align:left|color:%23ffffff&#8221; use_custom_heading=&#8221;true&#8221; el_id=&#8221;1498217330304-4e9effb8-246b&#8221;]<span style=\"color: #ffffff;\">Se procura a melhor liga\u00e7\u00e3o \u00e0 Internet para a sua casa e os melhores conte\u00fados, recomendamos-lhe os seguintes pre\u00e7os:<\/span>[\/vc_toggle][\/vc_column][\/vc_row]\n<\/section>","protected":false},"excerpt":{"rendered":"<p>[vc_row eq_height=&#8221;yes&#8221; content_placement=&#8221;middle&#8221; css=&#8221;.vc_custom_1692358809262{padding-top: 20% !important;padding-bottom: 15% !important;background: #fafafa url(https:\/\/startel.co.ao\/wp-content\/uploads\/2023\/08\/latencia.png?id=307) !important;background-position: center !important;background-repeat: no-repeat !important;background-size: cover !important;}&#8221;][vc_column][vc_custom_heading text=&#8221;Startel Internet&#8221; font_container=&#8221;tag:h1|font_size:100px|text_align:center|color:%23ffffff|line_height:1.3&#8243; use_theme_fonts=&#8221;yes&#8221; el_class=&#8221;font_weight_300&#8243; css=&#8221;.vc_custom_1692358663707{padding-bottom: 20px !important;}&#8221;][vc_custom_heading text=&#8221;Internet at full speed and now with Startel&#8221; font_container=&#8221;tag:p|font_size:20px|text_align:center|color:%23d6d6d6&#8243; use_theme_fonts=&#8221;yes&#8221; css=&#8221;.vc_custom_1692358855644{padding-bottom: 20px !important;}&#8221;][vc_button title=&#8221;CONTACT STARTEL&#8221; target=&#8221;_blank&#8221; shape=&#8221;rounded&#8221; color=&#8221;custom&#8221; custom_font_size=&#8221;12px&#8221; custom_font_weight=&#8221;600&#8243; custom_color=&#8221;#4a90e2&#8243; custom_border_color=&#8221;#4a90e2&#8243; custom_color_hover=&#8221;#4565d1&#8243; custom_border_color_hover=&#8221;#4565d1&#8243; href=&#8221;https:\/\/startel.co.ao\/apoio-ao-cliente\/&#8221;][\/vc_column][\/vc_row][vc_row css=&#8221;.vc_custom_1691940647250{border-bottom-width: 1px !important;padding-top: 40px !important;padding-bottom:&#8230;<\/p>\n","protected":false},"author":1,"featured_media":0,"parent":0,"menu_order":0,"comment_status":"closed","ping_status":"closed","template":"page-full.php","meta":{"footnotes":""},"class_list":["post-301","page","type-page","status-publish","hentry"],"_links":{"self":[{"href":"https:\/\/startel.co.ao\/en\/wp-json\/wp\/v2\/pages\/301","targetHints":{"allow":["GET"]}}],"collection":[{"href":"https:\/\/startel.co.ao\/en\/wp-json\/wp\/v2\/pages"}],"about":[{"href":"https:\/\/startel.co.ao\/en\/wp-json\/wp\/v2\/types\/page"}],"author":[{"embeddable":true,"href":"https:\/\/startel.co.ao\/en\/wp-json\/wp\/v2\/users\/1"}],"replies":[{"embeddable":true,"href":"https:\/\/startel.co.ao\/en\/wp-json\/wp\/v2\/comments?post=301"}],"version-history":[{"count":4,"href":"https:\/\/startel.co.ao\/en\/wp-json\/wp\/v2\/pages\/301\/revisions"}],"predecessor-version":[{"id":312,"href":"https:\/\/startel.co.ao\/en\/wp-json\/wp\/v2\/pages\/301\/revisions\/312"}],"wp:attachment":[{"href":"https:\/\/startel.co.ao\/en\/wp-json\/wp\/v2\/media?parent=301"}],"curies":[{"name":"wp","href":"https:\/\/api.w.org\/{rel}","templated":true}]}}